{"id":5,"date":"2017-12-20T05:51:19","date_gmt":"2017-12-20T05:51:19","guid":{"rendered":"http:\/\/zeltplatz-wolfenbuettel.de\/?page_id=5"},"modified":"2025-03-10T13:02:16","modified_gmt":"2025-03-10T13:02:16","slug":"neuigkeiten","status":"publish","type":"page","link":"http:\/\/zeltplatz-wolfenbuettel.de\/","title":{"rendered":"Willkommen"},"content":{"rendered":"\n<p><strong>WICHTIG !!! Den Freizeit und Zeltplatz k\u00f6nnen nur Vereine  buchen<\/strong>, <strong>gern auch an Schulen , Feuerwehren etc. <\/strong><\/p>\n\n\n\n<p>Der <strong>Verein Freizeit- und Zeltplatz Wolfenb\u00fcttel e.V.<\/strong> hei\u00dft euch herzlich auf seiner Website willkommen.<br>Hier findet ihr aktuelle Neuigkeiten (auf der rechten Seite) sowie alle wichtigen Informationen rund um unseren beliebten Zeltplatz.<\/p>\n\n\n\n<p>Zudem bieten wir euch n\u00fctzliche Hinweise zu sehenswerten Zielen und Aktivit\u00e4ten in der Umgebung.<\/p>\n\n\n\n<p>Falls ihr noch Fragen habt, z\u00f6gert bitte nicht, uns zu kontaktieren. Wir versprechen eine zeitnahe Antwort.<\/p>\n\n\n\n<p><\/p>\n\n\n\n<p><\/p>\n\n\n\n<figure class=\"wp-block-image\"><img loading=\"lazy\" decoding=\"async\" width=\"1024\" height=\"683\" src=\"http:\/\/zeltplatz-wolfenbuettel.de\/wp-content\/uploads\/2019\/04\/Blick-ins-A-Dorf-1024x683.jpg\" alt=\"\" class=\"wp-image-73\" srcset=\"http:\/\/zeltplatz-wolfenbuettel.de\/wp-content\/uploads\/2019\/04\/Blick-ins-A-Dorf-1024x683.jpg 1024w, http:\/\/zeltplatz-wolfenbuettel.de\/wp-content\/uploads\/2019\/04\/Blick-ins-A-Dorf-300x200.jpg 300w, http:\/\/zeltplatz-wolfenbuettel.de\/wp-content\/uploads\/2019\/04\/Blick-ins-A-Dorf-768x512.jpg 768w, http:\/\/zeltplatz-wolfenbuettel.de\/wp-content\/uploads\/2019\/04\/Blick-ins-A-Dorf-676x451.jpg 676w\" sizes=\"auto, (max-width: 1024px) 100vw, 1024px\" \/><\/figure>\n\n\n\n<p>Schaut auch gerne bei unserem Facebook vorbei f\u00fcr neueste Infos <br><a href=\"https:\/\/www.facebook.com\/zeltplatzwf\/\">Freizeit- und Zeltplatz Wolfenb\u00fcttel e.V. | Facebook<\/a><\/p>\n","protected":false},"excerpt":{"rendered":"<p>WICHTIG !!! Den Freizeit und Zeltplatz k\u00f6nnen nur Vereine buchen, gern auch an Schulen , Feuerwehren etc. Der Verein Freizeit- und Zeltplatz Wolfenb\u00fcttel e.V. hei\u00dft euch herzlich auf seiner Website willkommen.Hier findet ihr aktuelle Neuigkeiten (auf der rechten Seite) sowie alle wichtigen Informationen rund um unseren beliebten Zeltplatz. Zudem bieten wir euch n\u00fctzliche Hinweise zu [&hellip;]<\/p>\n","protected":false},"author":1,"featured_media":0,"parent":0,"menu_order":0,"comment_status":"closed","ping_status":"closed","template":"","meta":{"footnotes":""},"class_list":["post-5","page","type-page","status-publish","hentry","post-preview"],"post_mailing_queue_ids":[],"_links":{"self":[{"href":"http:\/\/zeltplatz-wolfenbuettel.de\/index.php?rest_route=\/wp\/v2\/pages\/5","targetHints":{"allow":["GET"]}}],"collection":[{"href":"http:\/\/zeltplatz-wolfenbuettel.de\/index.php?rest_route=\/wp\/v2\/pages"}],"about":[{"href":"http:\/\/zeltplatz-wolfenbuettel.de\/index.php?rest_route=\/wp\/v2\/types\/page"}],"author":[{"embeddable":true,"href":"http:\/\/zeltplatz-wolfenbuettel.de\/index.php?rest_route=\/wp\/v2\/users\/1"}],"replies":[{"embeddable":true,"href":"http:\/\/zeltplatz-wolfenbuettel.de\/index.php?rest_route=%2Fwp%2Fv2%2Fcomments&post=5"}],"version-history":[{"count":17,"href":"http:\/\/zeltplatz-wolfenbuettel.de\/index.php?rest_route=\/wp\/v2\/pages\/5\/revisions"}],"predecessor-version":[{"id":187,"href":"http:\/\/zeltplatz-wolfenbuettel.de\/index.php?rest_route=\/wp\/v2\/pages\/5\/revisions\/187"}],"wp:attachment":[{"href":"http:\/\/zeltplatz-wolfenbuettel.de\/index.php?rest_route=%2Fwp%2Fv2%2Fmedia&parent=5"}],"curies":[{"name":"wp","href":"https:\/\/api.w.org\/{rel}","templated":true}]}}